{"id":10,"date":"2019-02-23T09:16:27","date_gmt":"2019-02-23T09:16:27","guid":{"rendered":"http:\/\/www.ohtakari.com\/kalastajainseura\/?page_id=10"},"modified":"2025-05-15T10:09:07","modified_gmt":"2025-05-15T07:09:07","slug":"mokki","status":"publish","type":"page","link":"https:\/\/www.lohtajanks.fi\/?page_id=10","title":{"rendered":"M\u00f6kit"},"content":{"rendered":"\n<p>Karitupa ja Karik\u00e4mpp\u00e4 tarjoavat ainutlaatuisen ymp\u00e4rist\u00f6n ulkosaaristossa, niin l\u00e4hell\u00e4 merta kuin autolla on mahdollista p\u00e4\u00e4st\u00e4. M\u00f6kit sijaitsevat keskeisell\u00e4 paikalla usean kalastajam\u00f6kin ymp\u00e4r\u00f6imin\u00e4 Ohtakarin saaressa Vattajanniemen k\u00e4rjess\u00e4. Saaressa on historiallinen vanha kalastajakyl\u00e4. Kivenheiton p\u00e4\u00e4ss\u00e4 m\u00f6keist\u00e4 sijaitsee Ohtakarin kalastusmuseo, jossa voit tutustua saaren historiaan, samoin Pooki jonka yl\u00e4tasanteelta on upeat n\u00e4kym\u00e4t merelle. Ohtakarissa meri on l\u00e4hell\u00e4 joka puolella. <\/p>\n\n\n\n<p>Pienet polut risteilev\u00e4t perinteisi\u00e4 reittej\u00e4\u00e4n kalastajakyl\u00e4ss\u00e4 ja luontopolkua pitkin p\u00e4\u00e4set tutustumaan koko saaren monipuoliseen luontoon. T\u00e4\u00e4ll\u00e4 n\u00e4et auringon nousevan meren ylle, mink\u00e4 lis\u00e4ksi voit kokea v\u00e4rikk\u00e4it\u00e4 auringonlaskuja. Venesatamassa ja laitureilla kohtaavat toisensa veneilij\u00e4t, &#8220;maakravut&#8221; ja perinteist\u00e4 kalanpyynti\u00e4 harjoittavat kalamiehet. <\/p>\n\n\n\n<p>Kes\u00e4ll\u00e4 voit ostaa ruoka-annoksia, kahvia ja virvokkeita Katiska-baarissa, joka sijaitsee n. 200-300 metri\u00e4 m\u00f6keist\u00e4 ja n 100m kalahallista. Lohtajan keskustaan on n. 11 km. <\/p>\n\n\n\n<p>L\u00e4hin  pankkiautomaatti on Himangan keskustassa Ohtakarista n. 21 km K-MARKET HIMANGAN sein\u00e4ss\u00e4 osoitteessa Uunilan rantatie 2, 68100 Himanka. Lohtajan keskustan SALE-elintarvikemyym\u00e4l\u00e4ss\u00e4 on pakettiautomaatteja. <br><\/p>\n\n\n\n<p><strong>M\u00f6kkivaraukset: puh. 044-972 8210 , jos et saa yhteytt\u00e4 sinulle soitetaan iltasella takaisin<\/strong>.<\/p>\n\n\n\n<p> Kalastajainseuran ainoa PANKKITILI on: FI64 5237 0020 0047 70. K\u00e4yt\u00e4 t\u00e4t\u00e4 tili\u00e4 aina asioidessasi maksuasioissa Seuran kanssa. Entist\u00e4 t\u00e4rke\u00e4mp\u00e4\u00e4 on nyt muistaa laittaa viestisarakkeeseen MAKSUN AIHE !<\/p>\n\n\n\n<p><\/p>\n\n\n\n<p><a href=\"https:\/\/www.lohtajanks.fi\/?page_id=372\">Karitupa<\/a>,  vuokra 85\u20ac\/vrk,  j\u00e4senille 1.10-31.3  65 \u20ac\/vrk. <\/p>\n\n\n\n<p> Saapumisaika klo 14.00, luovutusaika klo 12.00. Sesonkiaikana auton s\u00e4ilytys m\u00f6kin vieress\u00e4 ei ole sallittua.<\/p>\n\n\n\n<p><a href=\"https:\/\/www.lohtajanks.fi\/?page_id=375\">Karik\u00e4mpp\u00e4,<\/a>  vuokra 65 \u20ac\/vrk,  j\u00e4senille 1.10.-31.3  45 \u20ac\/vrk.<\/p>\n\n\n\n<p>Paljun k\u00e4ytt\u00f6 ja l\u00e4mmitt\u00e4minen seuran m\u00f6keill\u00e4 ei ole luvallista.<\/p>\n\n\n\n<p>Katso <a href=\"https:\/\/www.lohtajanks.fi\/wp-content\/uploads\/2020\/02\/saannot.pdf\">seuran s\u00e4\u00e4nn\u00f6t&nbsp;5&nbsp;\u00a7<\/a>, kuka voi liitty\u00e4 j\u00e4seneksi.<\/p>\n\n\n\n<figure class=\"wp-block-image\"><img decoding=\"async\" loading=\"lazy\" width=\"1024\" height=\"768\" src=\"https:\/\/www.lohtajanks.fi\/wp-content\/uploads\/2020\/05\/20200515_125956-1024x768.jpg\" alt=\"\" class=\"wp-image-533\" srcset=\"https:\/\/www.lohtajanks.fi\/wp-content\/uploads\/2020\/05\/20200515_125956-1024x768.jpg 1024w, https:\/\/www.lohtajanks.fi\/wp-content\/uploads\/2020\/05\/20200515_125956-250x188.jpg 250w, https:\/\/www.lohtajanks.fi\/wp-content\/uploads\/2020\/05\/20200515_125956-350x263.jpg 350w, https:\/\/www.lohtajanks.fi\/wp-content\/uploads\/2020\/05\/20200515_125956-300x225.jpg 300w, https:\/\/www.lohtajanks.fi\/wp-content\/uploads\/2020\/05\/20200515_125956-768x576.jpg 768w\" sizes=\"(max-width: 767px) 89vw, (max-width: 1000px) 54vw, (max-width: 1071px) 543px, 580px\" \/><figcaption class=\"wp-element-caption\">Karitupa<\/figcaption><\/figure>\n\n\n\n<figure class=\"wp-block-image\"><img decoding=\"async\" loading=\"lazy\" width=\"1024\" height=\"576\" src=\"https:\/\/www.lohtajanks.fi\/wp-content\/uploads\/2020\/05\/DSC06198-1024x576.jpg\" alt=\"\" class=\"wp-image-490\" srcset=\"https:\/\/www.lohtajanks.fi\/wp-content\/uploads\/2020\/05\/DSC06198-1024x576.jpg 1024w, https:\/\/www.lohtajanks.fi\/wp-content\/uploads\/2020\/05\/DSC06198-350x197.jpg 350w, https:\/\/www.lohtajanks.fi\/wp-content\/uploads\/2020\/05\/DSC06198-300x169.jpg 300w, https:\/\/www.lohtajanks.fi\/wp-content\/uploads\/2020\/05\/DSC06198-768x432.jpg 768w\" sizes=\"(max-width: 767px) 89vw, (max-width: 1000px) 54vw, (max-width: 1071px) 543px, 580px\" \/><figcaption class=\"wp-element-caption\">Karitupa alakerta<\/figcaption><\/figure>\n\n\n\n<figure class=\"wp-block-image\"><img decoding=\"async\" loading=\"lazy\" width=\"1024\" height=\"768\" src=\"https:\/\/www.lohtajanks.fi\/wp-content\/uploads\/2020\/05\/20200515_130200-1024x768.jpg\" alt=\"\" class=\"wp-image-536\" srcset=\"https:\/\/www.lohtajanks.fi\/wp-content\/uploads\/2020\/05\/20200515_130200-1024x768.jpg 1024w, https:\/\/www.lohtajanks.fi\/wp-content\/uploads\/2020\/05\/20200515_130200-250x188.jpg 250w, https:\/\/www.lohtajanks.fi\/wp-content\/uploads\/2020\/05\/20200515_130200-350x263.jpg 350w, https:\/\/www.lohtajanks.fi\/wp-content\/uploads\/2020\/05\/20200515_130200-300x225.jpg 300w, https:\/\/www.lohtajanks.fi\/wp-content\/uploads\/2020\/05\/20200515_130200-768x576.jpg 768w\" sizes=\"(max-width: 767px) 89vw, (max-width: 1000px) 54vw, (max-width: 1071px) 543px, 580px\" \/><figcaption class=\"wp-element-caption\">Karik\u00e4mpp\u00e4 <\/figcaption><\/figure>\n\n\n\n<figure class=\"wp-block-gallery has-nested-images columns-default is-cropped wp-block-gallery-1 is-layout-flex wp-block-gallery-is-layout-flex\"><\/figure>\n\n\n\n<figure class=\"wp-block-image\"><img decoding=\"async\" loading=\"lazy\" width=\"1024\" height=\"576\" src=\"https:\/\/www.lohtajanks.fi\/wp-content\/uploads\/2020\/05\/DSC06253-1024x576.jpg\" alt=\"\" class=\"wp-image-501\" srcset=\"https:\/\/www.lohtajanks.fi\/wp-content\/uploads\/2020\/05\/DSC06253-1024x576.jpg 1024w, https:\/\/www.lohtajanks.fi\/wp-content\/uploads\/2020\/05\/DSC06253-350x197.jpg 350w, https:\/\/www.lohtajanks.fi\/wp-content\/uploads\/2020\/05\/DSC06253-300x169.jpg 300w, https:\/\/www.lohtajanks.fi\/wp-content\/uploads\/2020\/05\/DSC06253-768x432.jpg 768w\" sizes=\"(max-width: 767px) 89vw, (max-width: 1000px) 54vw, (max-width: 1071px) 543px, 580px\" \/><\/figure>\n\n\n\n<p>Karik\u00e4mpp\u00e4, alakerta<\/p>\n","protected":false},"excerpt":{"rendered":"<p>Karitupa ja Karik\u00e4mpp\u00e4 tarjoavat ainutlaatuisen ymp\u00e4rist\u00f6n ulkosaaristossa, niin l\u00e4hell\u00e4 merta kuin autolla on mahdollista p\u00e4\u00e4st\u00e4. M\u00f6kit sijaitsevat keskeisell\u00e4 paikalla usean kalastajam\u00f6kin ymp\u00e4r\u00f6imin\u00e4 Ohtakarin saaressa Vattajanniemen k\u00e4rjess\u00e4. Saaressa on historiallinen vanha kalastajakyl\u00e4. Kivenheiton p\u00e4\u00e4ss\u00e4 m\u00f6keist\u00e4 sijaitsee Ohtakarin kalastusmuseo, jossa voit tutustua saaren historiaan, samoin Pooki jonka yl\u00e4tasanteelta on upeat n\u00e4kym\u00e4t merelle. Ohtakarissa meri on l\u00e4hell\u00e4 joka &hellip; <\/p>\n<p class=\"link-more\"><a href=\"https:\/\/www.lohtajanks.fi\/?page_id=10\" class=\"more-link\">Jatka lukemista<span class=\"screen-reader-text\"> &#8220;M\u00f6kit&#8221;<\/span><\/a><\/p>\n","protected":false},"author":1,"featured_media":0,"parent":0,"menu_order":0,"comment_status":"closed","ping_status":"closed","template":"","meta":{"footnotes":""},"_links":{"self":[{"href":"https:\/\/www.lohtajanks.fi\/index.php?rest_route=\/wp\/v2\/pages\/10"}],"collection":[{"href":"https:\/\/www.lohtajanks.fi\/index.php?rest_route=\/wp\/v2\/pages"}],"about":[{"href":"https:\/\/www.lohtajanks.fi\/index.php?rest_route=\/wp\/v2\/types\/page"}],"author":[{"embeddable":true,"href":"https:\/\/www.lohtajanks.fi\/index.php?rest_route=\/wp\/v2\/users\/1"}],"replies":[{"embeddable":true,"href":"https:\/\/www.lohtajanks.fi\/index.php?rest_route=%2Fwp%2Fv2%2Fcomments&post=10"}],"version-history":[{"count":45,"href":"https:\/\/www.lohtajanks.fi\/index.php?rest_route=\/wp\/v2\/pages\/10\/revisions"}],"predecessor-version":[{"id":1321,"href":"https:\/\/www.lohtajanks.fi\/index.php?rest_route=\/wp\/v2\/pages\/10\/revisions\/1321"}],"wp:attachment":[{"href":"https:\/\/www.lohtajanks.fi\/index.php?rest_route=%2Fwp%2Fv2%2Fmedia&parent=10"}],"curies":[{"name":"wp","href":"https:\/\/api.w.org\/{rel}","templated":true}]}}