{"id":372,"date":"2020-02-08T19:37:30","date_gmt":"2020-02-08T19:37:30","guid":{"rendered":"http:\/\/www.ohtakari.com\/kalastajainseura\/?page_id=372"},"modified":"2025-05-15T10:36:52","modified_gmt":"2025-05-15T07:36:52","slug":"karitupa-2","status":"publish","type":"page","link":"https:\/\/www.lohtajanks.fi\/?page_id=372","title":{"rendered":"Karitupa"},"content":{"rendered":"\n<p>Puh. : +358 44 972 8210, jos et saa heti yhteytt\u00e4 sinulle soitetaan iltasella takaisin.<\/p>\n\n\n\n<p>M\u00f6kin osoite : Ohtakari 87, 68230 Lohtaja<\/p>\n\n\n\n<p>Varattavissa 1.1.-31.12. Ei ennen 1.1. alkavaa vuotta!<\/p>\n\n\n\n<p>Kalastajainseuran ainoa PANKKITILI on: FI64 5237 0020 0047 70. <\/p>\n\n\n\n<p>K\u00e4yt\u00e4 t\u00e4t\u00e4 tili\u00e4 aina asioidessasi maksuasioissa Seuran kanssa. Entist\u00e4 t\u00e4rke\u00e4mp\u00e4\u00e4 on nyt muistaa laittaa viestisarakkeeseen MAKSUN AIHE !  <\/p>\n\n\n\n<p>-ei sovellu liikuntarajoitteisille<br>-6 makuupaikkaa parvella, omat liinavaatteet<br>-36m\u00b2 + 9m\u00b2 terassi<br>-s\u00e4hk\u00f6valaistus<br>&#8211; ilmal\u00e4mp\u00f6pumppu, (suora s\u00e4hk\u00f6 varalla). <br>-vesijohto<br>-s\u00e4hk\u00f6liesi, mikro, j\u00e4\u00e4kaappi<br>-kahvin- ja vedenkeitin, leiv\u00e4npaahdin,  astiasto <br>&#8211; ulkogrilli puut puuladosta. Muista avotulen vaarat, jos ymp\u00e4rist\u00f6 on kuiva. Jos palovaroitus on avotulen teko kielletty!  <br>-tv ja radio<br>-puul\u00e4mmitteinen sauna<br>-ulkohuussi 30 m<br>-suihku+wc kalasataman huoltorakennuksessa n. 200 m<br>-lemmikkiel\u00e4imet sallittu<br>-yleinen uimaranta 1,1 km<\/p>\n\n\n\n<p><\/p>\n\n\n\n<p>M\u00d6KKIVUOKRA ks. kohta M\u00f6kit<\/p>\n\n\n\n<p>Paljun k\u00e4ytt\u00f6 ja l\u00e4mmitt\u00e4minen Karituvalla ei ole luvallista !<br><br>Saapumisaika klo 14.00, luovutusaika klo 12.00. Sesonkiaikana 1.5.-30.9 auton s\u00e4ilytys m\u00f6kin vieress\u00e4 ei ole sallittua. Merkityt paikat (Karik\u00e4mpp\u00e4\/Karitupa) ns. m\u00f6kkitien alkup\u00e4\u00e4ss\u00e4. Matkatavarat voi tuoda ja hakea autolla m\u00f6kille\/m\u00f6kilt\u00e4 autolla ymp\u00e4ri vuoden.<\/p>\n\n\n\n<figure class=\"wp-block-gallery has-nested-images columns-default is-cropped wp-block-gallery-1 is-layout-flex wp-block-gallery-is-layout-flex\">\n<figure class=\"wp-block-image\"><a href=\"https:\/\/www.lohtajanks.fi\/wp-content\/uploads\/2020\/05\/DSC06225.jpg\"><img decoding=\"async\" loading=\"lazy\" width=\"1024\" height=\"576\" data-id=\"493\" src=\"https:\/\/www.lohtajanks.fi\/wp-content\/uploads\/2020\/05\/DSC06225-1024x576.jpg\" alt=\"\" class=\"wp-image-493\" srcset=\"https:\/\/www.lohtajanks.fi\/wp-content\/uploads\/2020\/05\/DSC06225-1024x576.jpg 1024w, https:\/\/www.lohtajanks.fi\/wp-content\/uploads\/2020\/05\/DSC06225-350x197.jpg 350w, https:\/\/www.lohtajanks.fi\/wp-content\/uploads\/2020\/05\/DSC06225-300x169.jpg 300w, https:\/\/www.lohtajanks.fi\/wp-content\/uploads\/2020\/05\/DSC06225-768x432.jpg 768w\" sizes=\"(max-width: 767px) 89vw, (max-width: 1000px) 54vw, (max-width: 1071px) 543px, 580px\" \/><\/a><figcaption class=\"wp-element-caption\">Tuvan eteinen, parven portaat, saunanovi, oik. ovi tupakeitti\u00f6\u00f6n<\/figcaption><\/figure>\n\n\n\n<figure class=\"wp-block-image\"><a href=\"https:\/\/www.lohtajanks.fi\/wp-content\/uploads\/2020\/05\/DSC06223.jpg\"><img decoding=\"async\" loading=\"lazy\" width=\"1024\" height=\"576\" data-id=\"492\" src=\"https:\/\/www.lohtajanks.fi\/wp-content\/uploads\/2020\/05\/DSC06223-1024x576.jpg\" alt=\"\" class=\"wp-image-492\" srcset=\"https:\/\/www.lohtajanks.fi\/wp-content\/uploads\/2020\/05\/DSC06223-1024x576.jpg 1024w, https:\/\/www.lohtajanks.fi\/wp-content\/uploads\/2020\/05\/DSC06223-350x197.jpg 350w, https:\/\/www.lohtajanks.fi\/wp-content\/uploads\/2020\/05\/DSC06223-300x169.jpg 300w, https:\/\/www.lohtajanks.fi\/wp-content\/uploads\/2020\/05\/DSC06223-768x432.jpg 768w\" sizes=\"(max-width: 767px) 89vw, (max-width: 1000px) 54vw, (max-width: 1071px) 543px, 580px\" \/><\/a><figcaption class=\"wp-element-caption\">Tuvan sauna<\/figcaption><\/figure>\n\n\n\n<figure class=\"wp-block-image\"><a href=\"https:\/\/www.lohtajanks.fi\/wp-content\/uploads\/2020\/05\/DSC06210.jpg\"><img decoding=\"async\" loading=\"lazy\" width=\"1024\" height=\"576\" data-id=\"491\" src=\"https:\/\/www.lohtajanks.fi\/wp-content\/uploads\/2020\/05\/DSC06210-1024x576.jpg\" alt=\"\" class=\"wp-image-491\" srcset=\"https:\/\/www.lohtajanks.fi\/wp-content\/uploads\/2020\/05\/DSC06210-1024x576.jpg 1024w, https:\/\/www.lohtajanks.fi\/wp-content\/uploads\/2020\/05\/DSC06210-350x197.jpg 350w, https:\/\/www.lohtajanks.fi\/wp-content\/uploads\/2020\/05\/DSC06210-300x169.jpg 300w, https:\/\/www.lohtajanks.fi\/wp-content\/uploads\/2020\/05\/DSC06210-768x432.jpg 768w\" sizes=\"(max-width: 767px) 89vw, (max-width: 1000px) 54vw, (max-width: 1071px) 543px, 580px\" \/><\/a><figcaption class=\"wp-element-caption\">Tupa, parvi<\/figcaption><\/figure>\n\n\n\n<figure class=\"wp-block-image\"><a href=\"https:\/\/www.lohtajanks.fi\/wp-content\/uploads\/2020\/05\/DSC06196.jpg\"><img decoding=\"async\" loading=\"lazy\" width=\"1024\" height=\"576\" data-id=\"489\" src=\"https:\/\/www.lohtajanks.fi\/wp-content\/uploads\/2020\/05\/DSC06196-1024x576.jpg\" alt=\"\" class=\"wp-image-489\" srcset=\"https:\/\/www.lohtajanks.fi\/wp-content\/uploads\/2020\/05\/DSC06196-1024x576.jpg 1024w, https:\/\/www.lohtajanks.fi\/wp-content\/uploads\/2020\/05\/DSC06196-350x197.jpg 350w, https:\/\/www.lohtajanks.fi\/wp-content\/uploads\/2020\/05\/DSC06196-300x169.jpg 300w, https:\/\/www.lohtajanks.fi\/wp-content\/uploads\/2020\/05\/DSC06196-768x432.jpg 768w\" sizes=\"(max-width: 767px) 89vw, (max-width: 1000px) 54vw, (max-width: 1071px) 543px, 580px\" \/><\/a><figcaption class=\"wp-element-caption\">Tupa sis\u00e4lt\u00e4, alakerta<\/figcaption><\/figure>\n\n\n\n<figure class=\"wp-block-image\"><a href=\"https:\/\/www.lohtajanks.fi\/wp-content\/uploads\/2020\/05\/20200515_125956.jpg\"><img decoding=\"async\" loading=\"lazy\" width=\"1024\" height=\"768\" data-id=\"533\" src=\"https:\/\/www.lohtajanks.fi\/wp-content\/uploads\/2020\/05\/20200515_125956-1024x768.jpg\" alt=\"\" class=\"wp-image-533\" srcset=\"https:\/\/www.lohtajanks.fi\/wp-content\/uploads\/2020\/05\/20200515_125956-1024x768.jpg 1024w, https:\/\/www.lohtajanks.fi\/wp-content\/uploads\/2020\/05\/20200515_125956-250x188.jpg 250w, https:\/\/www.lohtajanks.fi\/wp-content\/uploads\/2020\/05\/20200515_125956-350x263.jpg 350w, https:\/\/www.lohtajanks.fi\/wp-content\/uploads\/2020\/05\/20200515_125956-300x225.jpg 300w, https:\/\/www.lohtajanks.fi\/wp-content\/uploads\/2020\/05\/20200515_125956-768x576.jpg 768w\" sizes=\"(max-width: 767px) 89vw, (max-width: 1000px) 54vw, (max-width: 1071px) 543px, 580px\" \/><\/a><figcaption class=\"wp-element-caption\">Karitupa<\/figcaption><\/figure>\n<\/figure>\n","protected":false},"excerpt":{"rendered":"<p>Puh. : +358 44 972 8210, jos et saa heti yhteytt\u00e4 sinulle soitetaan iltasella takaisin. M\u00f6kin osoite : Ohtakari 87, 68230 Lohtaja Varattavissa 1.1.-31.12. Ei ennen 1.1. alkavaa vuotta! Kalastajainseuran ainoa PANKKITILI on: FI64 5237 0020 0047 70. K\u00e4yt\u00e4 t\u00e4t\u00e4 tili\u00e4 aina asioidessasi maksuasioissa Seuran kanssa. Entist\u00e4 t\u00e4rke\u00e4mp\u00e4\u00e4 on nyt muistaa laittaa viestisarakkeeseen MAKSUN AIHE &hellip; <\/p>\n<p class=\"link-more\"><a href=\"https:\/\/www.lohtajanks.fi\/?page_id=372\" class=\"more-link\">Jatka lukemista<span class=\"screen-reader-text\"> &#8220;Karitupa&#8221;<\/span><\/a><\/p>\n","protected":false},"author":1,"featured_media":0,"parent":0,"menu_order":0,"comment_status":"closed","ping_status":"closed","template":"","meta":{"footnotes":""},"_links":{"self":[{"href":"https:\/\/www.lohtajanks.fi\/index.php?rest_route=\/wp\/v2\/pages\/372"}],"collection":[{"href":"https:\/\/www.lohtajanks.fi\/index.php?rest_route=\/wp\/v2\/pages"}],"about":[{"href":"https:\/\/www.lohtajanks.fi\/index.php?rest_route=\/wp\/v2\/types\/page"}],"author":[{"embeddable":true,"href":"https:\/\/www.lohtajanks.fi\/index.php?rest_route=\/wp\/v2\/users\/1"}],"replies":[{"embeddable":true,"href":"https:\/\/www.lohtajanks.fi\/index.php?rest_route=%2Fwp%2Fv2%2Fcomments&post=372"}],"version-history":[{"count":43,"href":"https:\/\/www.lohtajanks.fi\/index.php?rest_route=\/wp\/v2\/pages\/372\/revisions"}],"predecessor-version":[{"id":1340,"href":"https:\/\/www.lohtajanks.fi\/index.php?rest_route=\/wp\/v2\/pages\/372\/revisions\/1340"}],"wp:attachment":[{"href":"https:\/\/www.lohtajanks.fi\/index.php?rest_route=%2Fwp%2Fv2%2Fmedia&parent=372"}],"curies":[{"name":"wp","href":"https:\/\/api.w.org\/{rel}","templated":true}]}}