{"id":375,"date":"2020-02-08T19:39:17","date_gmt":"2020-02-08T19:39:17","guid":{"rendered":"http:\/\/www.ohtakari.com\/kalastajainseura\/?page_id=375"},"modified":"2025-05-15T16:10:57","modified_gmt":"2025-05-15T13:10:57","slug":"karikamppa-2","status":"publish","type":"page","link":"https:\/\/www.lohtajanks.fi\/?page_id=375","title":{"rendered":"Karik\u00e4mpp\u00e4"},"content":{"rendered":"\n<p>Puh. : +358 44 972 8210, jos et saa heti yhteytt\u00e4 sinulle soitetaan iltasella takaisin.<br><br>M\u00f6kin osoite : Ohtakari 80, 68230 Lohtaja<\/p>\n\n\n\n<p>Varattavissa 1.1-31.12  Ei ennen 1.1 alkavaa vuotta<\/p>\n\n\n\n<p><br>Kalastajainseuran ainoa PANKKITILI on: FI64 5237 0020 0047 70. <\/p>\n\n\n\n<p>K\u00e4yt\u00e4 t\u00e4t\u00e4 tili\u00e4 aina asioidessasi maksuasioissa Seuran kanssa. Entist\u00e4 t\u00e4rke\u00e4mp\u00e4\u00e4 on nyt muistaa laittaa viestisarakkeeseen MAKSUN AIHE !  <\/p>\n\n\n\n<p>-ei sovellu liikuntarajoitteisille<br>-2-3 makuupaikkaa parvella, omat liinavaatteet<br>-24m\u00b2 + 5m\u00b2 terassi<br>-s\u00e4hk\u00f6valaistus<br>-ilmal\u00e4mp\u00f6pumppu<br>-vesijohto<br>-s\u00e4hk\u00f6liesi, mikro, j\u00e4\u00e4kaappi.  Uudet keitti\u00f6kalusteet 5\/2025<br>-kahvin- ja vedenkeitin, leiv\u00e4npaahdin<br>-astiasto,  tv ja radio <br>&#8211; ulkogrilli, puut puuladosta. Muista avotulen vaarat, jos ymp\u00e4rist\u00f6 on kuiva. Jos palovaroitus on voimassan niin tulenteko kielletty!<br>-puul\u00e4mmitteinen sauna ja -veden l\u00e4mmitys<br>-ulkohuussi  30 m<br>-suihkut+wc kalasataman huoltorakennuksessa 70 m<br>-lemmikkiel\u00e4imet sallittu<br>-yleinen uimaranta 1km<\/p>\n\n\n\n<p>M\u00d6KKIVUOKRA: Ks. kohta: M\u00f6kit<\/p>\n\n\n\n<p>Paljun k\u00e4ytt\u00f6 ja l\u00e4mmitt\u00e4minen Karik\u00e4mp\u00e4ll\u00e4 ei ole luvallista !<\/p>\n\n\n\n<p><br>Saapumisaika klo 14.00, luovutusaika klo 12.00. Sesonkiaikana 1.5.-30.9 auton s\u00e4ilytys m\u00f6kin vieress\u00e4  ei ole sallittua. Merkityt paikat (Karik\u00e4mpp\u00e4\/Karitupa) ns. m\u00f6kkitien alkup\u00e4\u00e4ss\u00e4. Matkatavarat voi tuoda ja hakea autolla m\u00f6kilt\u00e4\/m\u00f6kille ymp\u00e4ri vuoden.<br><\/p>\n\n\n\n<figure class=\"wp-block-gallery has-nested-images columns-default is-cropped wp-block-gallery-1 is-layout-flex wp-block-gallery-is-layout-flex\">\n<figure class=\"wp-block-image\"><a href=\"https:\/\/www.lohtajanks.fi\/wp-content\/uploads\/2020\/05\/DSC06280.jpg\"><img decoding=\"async\" loading=\"lazy\" width=\"1024\" height=\"576\" data-id=\"506\" src=\"https:\/\/www.lohtajanks.fi\/wp-content\/uploads\/2020\/05\/DSC06280-1024x576.jpg\" alt=\"\" class=\"wp-image-506\" srcset=\"https:\/\/www.lohtajanks.fi\/wp-content\/uploads\/2020\/05\/DSC06280-1024x576.jpg 1024w, https:\/\/www.lohtajanks.fi\/wp-content\/uploads\/2020\/05\/DSC06280-350x197.jpg 350w, https:\/\/www.lohtajanks.fi\/wp-content\/uploads\/2020\/05\/DSC06280-300x169.jpg 300w, https:\/\/www.lohtajanks.fi\/wp-content\/uploads\/2020\/05\/DSC06280-768x432.jpg 768w\" sizes=\"(max-width: 767px) 89vw, (max-width: 1000px) 54vw, (max-width: 1071px) 543px, 580px\" \/><\/a><figcaption class=\"wp-element-caption\">Karik\u00e4mpp\u00e4<\/figcaption><\/figure>\n\n\n\n<figure class=\"wp-block-image\"><a href=\"https:\/\/www.lohtajanks.fi\/wp-content\/uploads\/2020\/05\/DSC06269.jpg\"><img decoding=\"async\" loading=\"lazy\" width=\"1024\" height=\"576\" data-id=\"504\" src=\"https:\/\/www.lohtajanks.fi\/wp-content\/uploads\/2020\/05\/DSC06269-1024x576.jpg\" alt=\"\" class=\"wp-image-504\" srcset=\"https:\/\/www.lohtajanks.fi\/wp-content\/uploads\/2020\/05\/DSC06269-1024x576.jpg 1024w, https:\/\/www.lohtajanks.fi\/wp-content\/uploads\/2020\/05\/DSC06269-350x197.jpg 350w, https:\/\/www.lohtajanks.fi\/wp-content\/uploads\/2020\/05\/DSC06269-300x169.jpg 300w, https:\/\/www.lohtajanks.fi\/wp-content\/uploads\/2020\/05\/DSC06269-768x432.jpg 768w\" sizes=\"(max-width: 767px) 89vw, (max-width: 1000px) 54vw, (max-width: 1071px) 543px, 580px\" \/><\/a><figcaption class=\"wp-element-caption\">K\u00e4mpp\u00e4, alak.tupakeitti\u00f6<\/figcaption><\/figure>\n\n\n\n<figure class=\"wp-block-image\"><a href=\"https:\/\/www.lohtajanks.fi\/wp-content\/uploads\/2020\/05\/DSC06262.jpg\"><img decoding=\"async\" loading=\"lazy\" width=\"1024\" height=\"576\" data-id=\"503\" src=\"https:\/\/www.lohtajanks.fi\/wp-content\/uploads\/2020\/05\/DSC06262-1024x576.jpg\" alt=\"\" class=\"wp-image-503\" srcset=\"https:\/\/www.lohtajanks.fi\/wp-content\/uploads\/2020\/05\/DSC06262-1024x576.jpg 1024w, https:\/\/www.lohtajanks.fi\/wp-content\/uploads\/2020\/05\/DSC06262-350x197.jpg 350w, https:\/\/www.lohtajanks.fi\/wp-content\/uploads\/2020\/05\/DSC06262-300x169.jpg 300w, https:\/\/www.lohtajanks.fi\/wp-content\/uploads\/2020\/05\/DSC06262-768x432.jpg 768w\" sizes=\"(max-width: 767px) 89vw, (max-width: 1000px) 54vw, (max-width: 1071px) 543px, 580px\" \/><\/a><figcaption class=\"wp-element-caption\">K\u00e4mpp\u00e4, parvi<\/figcaption><\/figure>\n\n\n\n<figure class=\"wp-block-image\"><a href=\"https:\/\/www.lohtajanks.fi\/wp-content\/uploads\/2020\/05\/DSC06259.jpg\"><img decoding=\"async\" loading=\"lazy\" width=\"1024\" height=\"576\" data-id=\"502\" src=\"https:\/\/www.lohtajanks.fi\/wp-content\/uploads\/2020\/05\/DSC06259-1024x576.jpg\" alt=\"\" class=\"wp-image-502\" srcset=\"https:\/\/www.lohtajanks.fi\/wp-content\/uploads\/2020\/05\/DSC06259-1024x576.jpg 1024w, https:\/\/www.lohtajanks.fi\/wp-content\/uploads\/2020\/05\/DSC06259-350x197.jpg 350w, https:\/\/www.lohtajanks.fi\/wp-content\/uploads\/2020\/05\/DSC06259-300x169.jpg 300w, https:\/\/www.lohtajanks.fi\/wp-content\/uploads\/2020\/05\/DSC06259-768x432.jpg 768w\" sizes=\"(max-width: 767px) 89vw, (max-width: 1000px) 54vw, (max-width: 1071px) 543px, 580px\" \/><\/a><figcaption class=\"wp-element-caption\">K\u00e4mpp\u00e4, sauna<\/figcaption><\/figure>\n\n\n\n<figure class=\"wp-block-image size-large\"><a href=\"https:\/\/www.lohtajanks.fi\/wp-content\/uploads\/2025\/05\/1000012148.jpg\"><img decoding=\"async\" loading=\"lazy\" width=\"1024\" height=\"473\" data-id=\"1344\" src=\"https:\/\/www.lohtajanks.fi\/wp-content\/uploads\/2025\/05\/1000012148-1024x473.jpg\" alt=\"\" class=\"wp-image-1344\" srcset=\"https:\/\/www.lohtajanks.fi\/wp-content\/uploads\/2025\/05\/1000012148-1024x473.jpg 1024w, https:\/\/www.lohtajanks.fi\/wp-content\/uploads\/2025\/05\/1000012148-300x139.jpg 300w, https:\/\/www.lohtajanks.fi\/wp-content\/uploads\/2025\/05\/1000012148-768x355.jpg 768w, https:\/\/www.lohtajanks.fi\/wp-content\/uploads\/2025\/05\/1000012148-1536x709.jpg 1536w, https:\/\/www.lohtajanks.fi\/wp-content\/uploads\/2025\/05\/1000012148-350x162.jpg 350w, https:\/\/www.lohtajanks.fi\/wp-content\/uploads\/2025\/05\/1000012148.jpg 2040w\" sizes=\"(max-width: 767px) 89vw, (max-width: 1000px) 54vw, (max-width: 1071px) 543px, 580px\" \/><\/a><figcaption class=\"wp-element-caption\">K\u00e4mpp\u00e4, alak.tupakeitti\u00f6<\/figcaption><\/figure>\n\n\n\n<figure class=\"wp-block-image\"><a href=\"https:\/\/www.lohtajanks.fi\/wp-content\/uploads\/2020\/05\/20200515_130200.jpg\"><img decoding=\"async\" loading=\"lazy\" width=\"1024\" height=\"768\" data-id=\"536\" src=\"https:\/\/www.lohtajanks.fi\/wp-content\/uploads\/2020\/05\/20200515_130200-1024x768.jpg\" alt=\"\" class=\"wp-image-536\" srcset=\"https:\/\/www.lohtajanks.fi\/wp-content\/uploads\/2020\/05\/20200515_130200-1024x768.jpg 1024w, https:\/\/www.lohtajanks.fi\/wp-content\/uploads\/2020\/05\/20200515_130200-250x188.jpg 250w, https:\/\/www.lohtajanks.fi\/wp-content\/uploads\/2020\/05\/20200515_130200-350x263.jpg 350w, https:\/\/www.lohtajanks.fi\/wp-content\/uploads\/2020\/05\/20200515_130200-300x225.jpg 300w, https:\/\/www.lohtajanks.fi\/wp-content\/uploads\/2020\/05\/20200515_130200-768x576.jpg 768w\" sizes=\"(max-width: 767px) 89vw, (max-width: 1000px) 54vw, (max-width: 1071px) 543px, 580px\" \/><\/a><figcaption class=\"wp-element-caption\">Karik\u00e4mpp\u00e4<\/figcaption><\/figure>\n\n\n\n<figure class=\"wp-block-image\"><a href=\"https:\/\/www.lohtajanks.fi\/wp-content\/uploads\/2020\/05\/20200515_125747.jpg\"><img decoding=\"async\" loading=\"lazy\" width=\"1024\" height=\"768\" data-id=\"532\" src=\"https:\/\/www.lohtajanks.fi\/wp-content\/uploads\/2020\/05\/20200515_125747-1024x768.jpg\" alt=\"\" class=\"wp-image-532\" srcset=\"https:\/\/www.lohtajanks.fi\/wp-content\/uploads\/2020\/05\/20200515_125747-1024x768.jpg 1024w, https:\/\/www.lohtajanks.fi\/wp-content\/uploads\/2020\/05\/20200515_125747-250x188.jpg 250w, https:\/\/www.lohtajanks.fi\/wp-content\/uploads\/2020\/05\/20200515_125747-350x263.jpg 350w, https:\/\/www.lohtajanks.fi\/wp-content\/uploads\/2020\/05\/20200515_125747-300x225.jpg 300w, https:\/\/www.lohtajanks.fi\/wp-content\/uploads\/2020\/05\/20200515_125747-768x576.jpg 768w\" sizes=\"(max-width: 767px) 89vw, (max-width: 1000px) 54vw, (max-width: 1071px) 543px, 580px\" \/><\/a><figcaption class=\"wp-element-caption\">Karik\u00e4mpp\u00e4<\/figcaption><\/figure>\n<\/figure>\n","protected":false},"excerpt":{"rendered":"<p>Puh. : +358 44 972 8210, jos et saa heti yhteytt\u00e4 sinulle soitetaan iltasella takaisin. M\u00f6kin osoite : Ohtakari 80, 68230 Lohtaja Varattavissa 1.1-31.12 Ei ennen 1.1 alkavaa vuotta Kalastajainseuran ainoa PANKKITILI on: FI64 5237 0020 0047 70. K\u00e4yt\u00e4 t\u00e4t\u00e4 tili\u00e4 aina asioidessasi maksuasioissa Seuran kanssa. Entist\u00e4 t\u00e4rke\u00e4mp\u00e4\u00e4 on nyt muistaa laittaa viestisarakkeeseen MAKSUN AIHE &hellip; <\/p>\n<p class=\"link-more\"><a href=\"https:\/\/www.lohtajanks.fi\/?page_id=375\" class=\"more-link\">Jatka lukemista<span class=\"screen-reader-text\"> &#8220;Karik\u00e4mpp\u00e4&#8221;<\/span><\/a><\/p>\n","protected":false},"author":1,"featured_media":0,"parent":0,"menu_order":0,"comment_status":"closed","ping_status":"closed","template":"","meta":{"footnotes":""},"_links":{"self":[{"href":"https:\/\/www.lohtajanks.fi\/index.php?rest_route=\/wp\/v2\/pages\/375"}],"collection":[{"href":"https:\/\/www.lohtajanks.fi\/index.php?rest_route=\/wp\/v2\/pages"}],"about":[{"href":"https:\/\/www.lohtajanks.fi\/index.php?rest_route=\/wp\/v2\/types\/page"}],"author":[{"embeddable":true,"href":"https:\/\/www.lohtajanks.fi\/index.php?rest_route=\/wp\/v2\/users\/1"}],"replies":[{"embeddable":true,"href":"https:\/\/www.lohtajanks.fi\/index.php?rest_route=%2Fwp%2Fv2%2Fcomments&post=375"}],"version-history":[{"count":38,"href":"https:\/\/www.lohtajanks.fi\/index.php?rest_route=\/wp\/v2\/pages\/375\/revisions"}],"predecessor-version":[{"id":1345,"href":"https:\/\/www.lohtajanks.fi\/index.php?rest_route=\/wp\/v2\/pages\/375\/revisions\/1345"}],"wp:attachment":[{"href":"https:\/\/www.lohtajanks.fi\/index.php?rest_route=%2Fwp%2Fv2%2Fmedia&parent=375"}],"curies":[{"name":"wp","href":"https:\/\/api.w.org\/{rel}","templated":true}]}}