{"id":47,"date":"2020-02-08T14:34:18","date_gmt":"2020-02-08T14:34:18","guid":{"rendered":"http:\/\/www.ohtakari.com\/kalastajainseura\/?page_id=47"},"modified":"2023-06-24T07:06:15","modified_gmt":"2023-06-24T04:06:15","slug":"historiaa","status":"publish","type":"page","link":"https:\/\/www.lohtajanks.fi\/?page_id=47","title":{"rendered":"Historiaa"},"content":{"rendered":"\n<p>Lohtajan Kalastajainseura ry on perustettu vuonna 1926 ja rekister\u00f6ity 30.4.1927. Seuran ensimm\u00e4inen puheenjohtaja oli Johan Kinaret ja h\u00e4n oli teht\u00e4v\u00e4ss\u00e4 vuoteen 1943. H\u00e4nt\u00e4 seurasivat Vilhelm Jukkola 1944 \u2013 1956, Erkki L\u00e4tti 1957 \u2013 1972, V\u00e4in\u00f6 S\u00e4\u00e4tel\u00e4 1972 \u2013 1991 ja nykyinen puheenjohtaja Sakari L\u00e4tti 1992-  <\/p>\n\n\n\n<p>Alkuper\u00e4isten s\u00e4\u00e4nt\u00f6jen mukaan \u201dyhdistyksen tarkoituksena on toimia alueensa kalastajav\u00e4est\u00f6n henkisten harrastusten kehitt\u00e4miseksi ja sen taloudellisen aseman parantamiseksi s\u00e4\u00e4nt\u00f6jen 3.\u00a7:ss\u00e4 l\u00e4hemmin mainitulla tavalla\u201d.<\/p>\n\n\n\n<p> Kalajuhlat on j\u00e4rjestetty perim\u00e4tiedon mukaan 1930 luvulta l\u00e4htien ja juhliin oli venekuljetus jokisuulta Ohtakariin 1970 luvulle tien valmistumiseen asti.<\/p>\n\n\n\n<p>1978 Ohtakarissa paljastettiin seuran tilaama hukkuneiden kalastajien muistomerkki.<br><\/p>\n\n\n\n<figure class=\"wp-block-image\"><img decoding=\"async\" loading=\"lazy\" width=\"1024\" height=\"768\" src=\"https:\/\/www.lohtajanks.fi\/wp-content\/uploads\/2020\/02\/SAM_0652-1024x768.jpg\" alt=\"\" class=\"wp-image-339\" srcset=\"https:\/\/www.lohtajanks.fi\/wp-content\/uploads\/2020\/02\/SAM_0652-1024x768.jpg 1024w, https:\/\/www.lohtajanks.fi\/wp-content\/uploads\/2020\/02\/SAM_0652-250x188.jpg 250w, https:\/\/www.lohtajanks.fi\/wp-content\/uploads\/2020\/02\/SAM_0652-350x263.jpg 350w, https:\/\/www.lohtajanks.fi\/wp-content\/uploads\/2020\/02\/SAM_0652-300x225.jpg 300w, https:\/\/www.lohtajanks.fi\/wp-content\/uploads\/2020\/02\/SAM_0652-768x576.jpg 768w, https:\/\/www.lohtajanks.fi\/wp-content\/uploads\/2020\/02\/SAM_0652-1568x1176.jpg 1568w\" sizes=\"(max-width: 767px) 89vw, (max-width: 1000px) 54vw, (max-width: 1071px) 543px, 580px\" \/><\/figure>\n","protected":false},"excerpt":{"rendered":"<p>Lohtajan Kalastajainseura ry on perustettu vuonna 1926 ja rekister\u00f6ity 30.4.1927. Seuran ensimm\u00e4inen puheenjohtaja oli Johan Kinaret ja h\u00e4n oli teht\u00e4v\u00e4ss\u00e4 vuoteen 1943. H\u00e4nt\u00e4 seurasivat Vilhelm Jukkola 1944 \u2013 1956, Erkki L\u00e4tti 1957 \u2013 1972, V\u00e4in\u00f6 S\u00e4\u00e4tel\u00e4 1972 \u2013 1991 ja nykyinen puheenjohtaja Sakari L\u00e4tti 1992- Alkuper\u00e4isten s\u00e4\u00e4nt\u00f6jen mukaan \u201dyhdistyksen tarkoituksena on toimia alueensa kalastajav\u00e4est\u00f6n henkisten &hellip; <\/p>\n<p class=\"link-more\"><a href=\"https:\/\/www.lohtajanks.fi\/?page_id=47\" class=\"more-link\">Jatka lukemista<span class=\"screen-reader-text\"> &#8220;Historiaa&#8221;<\/span><\/a><\/p>\n","protected":false},"author":1,"featured_media":0,"parent":0,"menu_order":0,"comment_status":"closed","ping_status":"closed","template":"","meta":{"footnotes":""},"_links":{"self":[{"href":"https:\/\/www.lohtajanks.fi\/index.php?rest_route=\/wp\/v2\/pages\/47"}],"collection":[{"href":"https:\/\/www.lohtajanks.fi\/index.php?rest_route=\/wp\/v2\/pages"}],"about":[{"href":"https:\/\/www.lohtajanks.fi\/index.php?rest_route=\/wp\/v2\/types\/page"}],"author":[{"embeddable":true,"href":"https:\/\/www.lohtajanks.fi\/index.php?rest_route=\/wp\/v2\/users\/1"}],"replies":[{"embeddable":true,"href":"https:\/\/www.lohtajanks.fi\/index.php?rest_route=%2Fwp%2Fv2%2Fcomments&post=47"}],"version-history":[{"count":6,"href":"https:\/\/www.lohtajanks.fi\/index.php?rest_route=\/wp\/v2\/pages\/47\/revisions"}],"predecessor-version":[{"id":943,"href":"https:\/\/www.lohtajanks.fi\/index.php?rest_route=\/wp\/v2\/pages\/47\/revisions\/943"}],"wp:attachment":[{"href":"https:\/\/www.lohtajanks.fi\/index.php?rest_route=%2Fwp%2Fv2%2Fmedia&parent=47"}],"curies":[{"name":"wp","href":"https:\/\/api.w.org\/{rel}","templated":true}]}}