{"id":49,"date":"2020-02-08T14:35:36","date_gmt":"2020-02-08T14:35:36","guid":{"rendered":"http:\/\/www.ohtakari.com\/kalastajainseura\/?page_id=49"},"modified":"2025-06-12T21:23:16","modified_gmt":"2025-06-12T18:23:16","slug":"kalajuhlat","status":"publish","type":"page","link":"https:\/\/www.lohtajanks.fi\/?page_id=49","title":{"rendered":"Kalajuhlat"},"content":{"rendered":"<div class=\"wp-block-image\">\n<figure class=\"alignleft\"><img decoding=\"async\" loading=\"lazy\" width=\"1024\" height=\"769\" src=\"https:\/\/www.lohtajanks.fi\/wp-content\/uploads\/2020\/02\/SAM_0190-1024x769.jpg\" alt=\"\" class=\"wp-image-319\" srcset=\"https:\/\/www.lohtajanks.fi\/wp-content\/uploads\/2020\/02\/SAM_0190-1024x769.jpg 1024w, https:\/\/www.lohtajanks.fi\/wp-content\/uploads\/2020\/02\/SAM_0190-250x188.jpg 250w, https:\/\/www.lohtajanks.fi\/wp-content\/uploads\/2020\/02\/SAM_0190-350x263.jpg 350w, https:\/\/www.lohtajanks.fi\/wp-content\/uploads\/2020\/02\/SAM_0190-300x225.jpg 300w, https:\/\/www.lohtajanks.fi\/wp-content\/uploads\/2020\/02\/SAM_0190-768x576.jpg 768w, https:\/\/www.lohtajanks.fi\/wp-content\/uploads\/2020\/02\/SAM_0190-1568x1177.jpg 1568w\" sizes=\"(max-width: 767px) 89vw, (max-width: 1000px) 54vw, (max-width: 1071px) 543px, 580px\" \/><figcaption class=\"wp-element-caption\">Kalajuhlat Ohtakarissa su. 20.7.2025<strong>   (yll\u00e4&nbsp;oleva&nbsp;kuva&nbsp;v.&nbsp;2019)<\/strong><\/figcaption><\/figure><\/div>\n\n\n<p>P\u00e4\u00e4symaksu aikuisilta 5\u20ac\/hl\u00f6, k\u00e4teismaksu<\/p>\n\n\n\n<p>KALAJUHLAOHJELMA<strong> <\/strong>20.7.2025<\/p>\n\n\n\n<p>9.55       LIPUNNOSTO JA SEPPELEEN LASKU: KALASTAJAINSEURAN EDUSTAJAT<\/p>\n\n\n\n<p>10.00    JUMALANPALVELUS<\/p>\n\n\n\n<p>11.30      ALKUMUSIIKKI                                 ANSUN POJAT<\/p>\n\n\n\n<p>                  TERVEHDYSSANAT                       SEURAN PJ. SAKARI L\u00c4TTI<\/p>\n\n\n\n<p>                   MUSIIKKIA:                                         ANSUN POJAT<\/p>\n\n\n\n<p>                   JUHLAPUHE                                       PER\u00c4M.KALAT.ALUEEN EDUSTAJA<\/p>\n\n\n\n<p>                  TERVEHDYKSET     <\/p>\n\n\n\n<p>                   KARITUMMUN VALINTA<\/p>\n\n\n\n<p>                   MUSIIKKIA                                           ANSUN POJAT<\/p>\n\n\n\n<p>                   OHTAKARIN KALASTUSM.YHD. ARVONTA<\/p>\n\n\n\n<p>14.00      SOUTUKILPAILU                                NAISET\/MIEHET\/IK\u00c4MIEHET<\/p>\n\n\n\n<p>                   PALKINTOJEN JAKO<\/p>\n\n\n\n<p>                   OHJELMAN JUONTAA                      JUHA ORJALA<\/p>\n\n\n\n<p>                   KILPAILUKUULUTUS                        MARKUS ANTTILA<\/p>\n\n\n\n<p>                   TAUSTAMUSIIKKI                              ANSUN POJAT<\/p>\n\n\n\n<p>                   YLEIS\u00d6KILPAILUT                            TIKANHEITTO, KALAN PAINON ARVAUS<\/p>\n\n\n\n<p>                         <\/p>\n\n\n\n<p>        <br>KALAJUHLIEN KENTT\u00c4RAVINTOLASSA TARJOLLA OHTAKARIN SIIKA- JA<br>LOHIVELLI\u00c4, KAHVIA, VIRVOKKEITA, LOHI-JA SIIKAVOILEIPI\u00c4 YM. <br>GRILLAUSMYYNTIPISTEEST\u00c4 : SAVUKALAA, GRILLIKALAA, VIRVOKKEITA.<br>MAKSUP\u00c4\u00c4TTELL\u00c4 voi maksaa RUOKAILUKATOKSESSA sek\u00e4 KALANMYYNTIPAIKALLA  .   Muissa myyntipisteiss\u00e4  k\u00e4teismaksu!<br><\/p>\n\n\n\n<p><\/p>\n\n\n\n<p><\/p>\n\n\n\n<p><\/p>\n\n\n\n<p><\/p>\n\n\n\n<p><\/p>\n\n\n\n<p><\/p>\n\n\n\n\n\n<p><\/p>\n\n\n\n<p>Kuvia Ohtakarin kalajuhlilta 2019<\/p>\n\n\n\n<figure class=\"wp-block-gallery has-nested-images columns-default is-cropped wp-block-gallery-1 is-layout-flex wp-block-gallery-is-layout-flex\">\n<figure class=\"wp-block-image\"><img decoding=\"async\" loading=\"lazy\" width=\"1024\" height=\"769\" data-id=\"295\" src=\"https:\/\/www.lohtajanks.fi\/wp-content\/uploads\/2020\/02\/SAM_0178-1024x769.jpg\" alt=\"\" class=\"wp-image-295\" srcset=\"https:\/\/www.lohtajanks.fi\/wp-content\/uploads\/2020\/02\/SAM_0178-1024x769.jpg 1024w, https:\/\/www.lohtajanks.fi\/wp-content\/uploads\/2020\/02\/SAM_0178-250x188.jpg 250w, https:\/\/www.lohtajanks.fi\/wp-content\/uploads\/2020\/02\/SAM_0178-350x263.jpg 350w, https:\/\/www.lohtajanks.fi\/wp-content\/uploads\/2020\/02\/SAM_0178-300x225.jpg 300w, https:\/\/www.lohtajanks.fi\/wp-content\/uploads\/2020\/02\/SAM_0178-768x576.jpg 768w, https:\/\/www.lohtajanks.fi\/wp-content\/uploads\/2020\/02\/SAM_0178-1568x1177.jpg 1568w\" sizes=\"(max-width: 767px) 89vw, (max-width: 1000px) 54vw, (max-width: 1071px) 543px, 580px\" \/><figcaption class=\"wp-element-caption\">Varhainen aamu ennen vieraiden saapumpista<\/figcaption><\/figure>\n\n\n\n<figure class=\"wp-block-image\"><img decoding=\"async\" loading=\"lazy\" width=\"1024\" height=\"768\" data-id=\"214\" src=\"https:\/\/www.lohtajanks.fi\/wp-content\/uploads\/2020\/02\/IMG_8968-1024x768.jpg\" alt=\"\" class=\"wp-image-214\" srcset=\"https:\/\/www.lohtajanks.fi\/wp-content\/uploads\/2020\/02\/IMG_8968-1024x768.jpg 1024w, https:\/\/www.lohtajanks.fi\/wp-content\/uploads\/2020\/02\/IMG_8968-250x188.jpg 250w, https:\/\/www.lohtajanks.fi\/wp-content\/uploads\/2020\/02\/IMG_8968-350x263.jpg 350w, https:\/\/www.lohtajanks.fi\/wp-content\/uploads\/2020\/02\/IMG_8968-300x225.jpg 300w, https:\/\/www.lohtajanks.fi\/wp-content\/uploads\/2020\/02\/IMG_8968-768x576.jpg 768w, https:\/\/www.lohtajanks.fi\/wp-content\/uploads\/2020\/02\/IMG_8968-1568x1176.jpg 1568w, https:\/\/www.lohtajanks.fi\/wp-content\/uploads\/2020\/02\/IMG_8968.jpg 2048w\" sizes=\"(max-width: 767px) 89vw, (max-width: 1000px) 54vw, (max-width: 1071px) 543px, 580px\" \/><figcaption class=\"wp-element-caption\">Savustimet l\u00e4mpenem\u00e4ss\u00e4<\/figcaption><\/figure>\n\n\n\n<figure class=\"wp-block-image\"><img decoding=\"async\" loading=\"lazy\" width=\"1024\" height=\"769\" data-id=\"305\" src=\"https:\/\/www.lohtajanks.fi\/wp-content\/uploads\/2020\/02\/SAM_0183-1024x769.jpg\" alt=\"\" class=\"wp-image-305\" srcset=\"https:\/\/www.lohtajanks.fi\/wp-content\/uploads\/2020\/02\/SAM_0183-1024x769.jpg 1024w, https:\/\/www.lohtajanks.fi\/wp-content\/uploads\/2020\/02\/SAM_0183-250x188.jpg 250w, https:\/\/www.lohtajanks.fi\/wp-content\/uploads\/2020\/02\/SAM_0183-350x263.jpg 350w, https:\/\/www.lohtajanks.fi\/wp-content\/uploads\/2020\/02\/SAM_0183-300x225.jpg 300w, https:\/\/www.lohtajanks.fi\/wp-content\/uploads\/2020\/02\/SAM_0183-768x576.jpg 768w, https:\/\/www.lohtajanks.fi\/wp-content\/uploads\/2020\/02\/SAM_0183-1568x1177.jpg 1568w\" sizes=\"(max-width: 767px) 89vw, (max-width: 1000px) 54vw, (max-width: 1071px) 543px, 580px\" \/><figcaption class=\"wp-element-caption\">Grillit kuumana ja kokit valmiina p\u00e4iv\u00e4n koitokseen<\/figcaption><\/figure>\n\n\n\n<figure class=\"wp-block-image\"><img decoding=\"async\" loading=\"lazy\" width=\"1024\" height=\"768\" data-id=\"234\" src=\"https:\/\/www.lohtajanks.fi\/wp-content\/uploads\/2020\/02\/IMG_8982-1024x768.jpg\" alt=\"\" class=\"wp-image-234\" srcset=\"https:\/\/www.lohtajanks.fi\/wp-content\/uploads\/2020\/02\/IMG_8982-1024x768.jpg 1024w, https:\/\/www.lohtajanks.fi\/wp-content\/uploads\/2020\/02\/IMG_8982-250x188.jpg 250w, https:\/\/www.lohtajanks.fi\/wp-content\/uploads\/2020\/02\/IMG_8982-350x263.jpg 350w, https:\/\/www.lohtajanks.fi\/wp-content\/uploads\/2020\/02\/IMG_8982-300x225.jpg 300w, https:\/\/www.lohtajanks.fi\/wp-content\/uploads\/2020\/02\/IMG_8982-768x576.jpg 768w, https:\/\/www.lohtajanks.fi\/wp-content\/uploads\/2020\/02\/IMG_8982-1568x1176.jpg 1568w, https:\/\/www.lohtajanks.fi\/wp-content\/uploads\/2020\/02\/IMG_8982.jpg 2048w\" sizes=\"(max-width: 767px) 89vw, (max-width: 1000px) 54vw, (max-width: 1071px) 543px, 580px\" \/><figcaption class=\"wp-element-caption\">Valmiita savusiikoja<\/figcaption><\/figure>\n\n\n\n<figure class=\"wp-block-image\"><img decoding=\"async\" loading=\"lazy\" width=\"1024\" height=\"768\" data-id=\"106\" src=\"https:\/\/www.lohtajanks.fi\/wp-content\/uploads\/2020\/02\/IMG_02041-1024x768.jpg\" alt=\"\" class=\"wp-image-106\" srcset=\"https:\/\/www.lohtajanks.fi\/wp-content\/uploads\/2020\/02\/IMG_02041-1024x768.jpg 1024w, https:\/\/www.lohtajanks.fi\/wp-content\/uploads\/2020\/02\/IMG_02041-250x188.jpg 250w, https:\/\/www.lohtajanks.fi\/wp-content\/uploads\/2020\/02\/IMG_02041-350x263.jpg 350w, https:\/\/www.lohtajanks.fi\/wp-content\/uploads\/2020\/02\/IMG_02041-300x225.jpg 300w, https:\/\/www.lohtajanks.fi\/wp-content\/uploads\/2020\/02\/IMG_02041-768x576.jpg 768w, https:\/\/www.lohtajanks.fi\/wp-content\/uploads\/2020\/02\/IMG_02041-1568x1176.jpg 1568w, https:\/\/www.lohtajanks.fi\/wp-content\/uploads\/2020\/02\/IMG_02041.jpg 1600w\" sizes=\"(max-width: 767px) 89vw, (max-width: 1000px) 54vw, (max-width: 1071px) 543px, 580px\" \/><figcaption class=\"wp-element-caption\">Juhlav\u00e4ke\u00e4 tulossa laivalla<\/figcaption><\/figure>\n\n\n\n<figure class=\"wp-block-image\"><img decoding=\"async\" loading=\"lazy\" width=\"1024\" height=\"769\" data-id=\"110\" src=\"https:\/\/www.lohtajanks.fi\/wp-content\/uploads\/2020\/02\/IMG_7506-1024x769.jpg\" alt=\"\" class=\"wp-image-110\" srcset=\"https:\/\/www.lohtajanks.fi\/wp-content\/uploads\/2020\/02\/IMG_7506-1024x769.jpg 1024w, https:\/\/www.lohtajanks.fi\/wp-content\/uploads\/2020\/02\/IMG_7506-250x188.jpg 250w, https:\/\/www.lohtajanks.fi\/wp-content\/uploads\/2020\/02\/IMG_7506-350x263.jpg 350w, https:\/\/www.lohtajanks.fi\/wp-content\/uploads\/2020\/02\/IMG_7506-300x225.jpg 300w, https:\/\/www.lohtajanks.fi\/wp-content\/uploads\/2020\/02\/IMG_7506-768x577.jpg 768w, https:\/\/www.lohtajanks.fi\/wp-content\/uploads\/2020\/02\/IMG_7506-1568x1177.jpg 1568w\" sizes=\"(max-width: 767px) 89vw, (max-width: 1000px) 54vw, (max-width: 1071px) 543px, 580px\" \/><figcaption class=\"wp-element-caption\">Juhlat p\u00e4\u00e4sem\u00e4ss\u00e4 vauhtiin<\/figcaption><\/figure>\n\n\n\n<figure class=\"wp-block-image\"><img decoding=\"async\" loading=\"lazy\" width=\"1024\" height=\"769\" data-id=\"309\" src=\"https:\/\/www.lohtajanks.fi\/wp-content\/uploads\/2020\/02\/SAM_0185-1024x769.jpg\" alt=\"\" class=\"wp-image-309\" srcset=\"https:\/\/www.lohtajanks.fi\/wp-content\/uploads\/2020\/02\/SAM_0185-1024x769.jpg 1024w, https:\/\/www.lohtajanks.fi\/wp-content\/uploads\/2020\/02\/SAM_0185-250x188.jpg 250w, https:\/\/www.lohtajanks.fi\/wp-content\/uploads\/2020\/02\/SAM_0185-350x263.jpg 350w, https:\/\/www.lohtajanks.fi\/wp-content\/uploads\/2020\/02\/SAM_0185-300x225.jpg 300w, https:\/\/www.lohtajanks.fi\/wp-content\/uploads\/2020\/02\/SAM_0185-768x576.jpg 768w, https:\/\/www.lohtajanks.fi\/wp-content\/uploads\/2020\/02\/SAM_0185-1568x1177.jpg 1568w\" sizes=\"(max-width: 767px) 89vw, (max-width: 1000px) 54vw, (max-width: 1071px) 543px, 580px\" \/><figcaption class=\"wp-element-caption\">Kalatiskill\u00e4 jonossa<\/figcaption><\/figure>\n\n\n\n<figure class=\"wp-block-image\"><img decoding=\"async\" loading=\"lazy\" width=\"1024\" height=\"769\" data-id=\"117\" src=\"https:\/\/www.lohtajanks.fi\/wp-content\/uploads\/2020\/02\/IMG_7514-1024x769.jpg\" alt=\"\" class=\"wp-image-117\" srcset=\"https:\/\/www.lohtajanks.fi\/wp-content\/uploads\/2020\/02\/IMG_7514-1024x769.jpg 1024w, https:\/\/www.lohtajanks.fi\/wp-content\/uploads\/2020\/02\/IMG_7514-250x188.jpg 250w, https:\/\/www.lohtajanks.fi\/wp-content\/uploads\/2020\/02\/IMG_7514-350x263.jpg 350w, https:\/\/www.lohtajanks.fi\/wp-content\/uploads\/2020\/02\/IMG_7514-300x225.jpg 300w, https:\/\/www.lohtajanks.fi\/wp-content\/uploads\/2020\/02\/IMG_7514-768x577.jpg 768w, https:\/\/www.lohtajanks.fi\/wp-content\/uploads\/2020\/02\/IMG_7514-1568x1177.jpg 1568w\" sizes=\"(max-width: 767px) 89vw, (max-width: 1000px) 54vw, (max-width: 1071px) 543px, 580px\" \/><figcaption class=\"wp-element-caption\">Vieraat nauttivat kauniista kes\u00e4p\u00e4iv\u00e4st\u00e4<\/figcaption><\/figure>\n\n\n\n<figure class=\"wp-block-image\"><img decoding=\"async\" loading=\"lazy\" width=\"610\" height=\"460\" data-id=\"250\" src=\"https:\/\/www.lohtajanks.fi\/wp-content\/uploads\/2020\/02\/IMG_8991_1.jpg\" alt=\"\" class=\"wp-image-250\" srcset=\"https:\/\/www.lohtajanks.fi\/wp-content\/uploads\/2020\/02\/IMG_8991_1.jpg 610w, https:\/\/www.lohtajanks.fi\/wp-content\/uploads\/2020\/02\/IMG_8991_1-250x188.jpg 250w, https:\/\/www.lohtajanks.fi\/wp-content\/uploads\/2020\/02\/IMG_8991_1-350x264.jpg 350w, https:\/\/www.lohtajanks.fi\/wp-content\/uploads\/2020\/02\/IMG_8991_1-300x226.jpg 300w\" sizes=\"(max-width: 610px) 100vw, 610px\" \/><figcaption class=\"wp-element-caption\">Pokaalit odottavat voittajia<\/figcaption><\/figure>\n\n\n\n<figure class=\"wp-block-image\"><img decoding=\"async\" loading=\"lazy\" width=\"1024\" height=\"769\" data-id=\"127\" src=\"https:\/\/www.lohtajanks.fi\/wp-content\/uploads\/2020\/02\/IMG_7522-1024x769.jpg\" alt=\"\" class=\"wp-image-127\" srcset=\"https:\/\/www.lohtajanks.fi\/wp-content\/uploads\/2020\/02\/IMG_7522-1024x769.jpg 1024w, https:\/\/www.lohtajanks.fi\/wp-content\/uploads\/2020\/02\/IMG_7522-250x188.jpg 250w, https:\/\/www.lohtajanks.fi\/wp-content\/uploads\/2020\/02\/IMG_7522-350x263.jpg 350w, https:\/\/www.lohtajanks.fi\/wp-content\/uploads\/2020\/02\/IMG_7522-300x225.jpg 300w, https:\/\/www.lohtajanks.fi\/wp-content\/uploads\/2020\/02\/IMG_7522-768x577.jpg 768w, https:\/\/www.lohtajanks.fi\/wp-content\/uploads\/2020\/02\/IMG_7522-1568x1177.jpg 1568w\" sizes=\"(max-width: 767px) 89vw, (max-width: 1000px) 54vw, (max-width: 1071px) 543px, 580px\" \/><figcaption class=\"wp-element-caption\">Sihtaus<\/figcaption><\/figure>\n<\/figure>\n\n\n\n<p><a href=\"https:\/\/www.lohtajanks.fi\/?page_id=370\">Lis\u00e4\u00e4 kuvia kalajuhlilta vuosien varrelta<\/a><br><\/p>\n","protected":false},"excerpt":{"rendered":"<p>P\u00e4\u00e4symaksu aikuisilta 5\u20ac\/hl\u00f6, k\u00e4teismaksu KALAJUHLAOHJELMA 20.7.2025 9.55 LIPUNNOSTO JA SEPPELEEN LASKU: KALASTAJAINSEURAN EDUSTAJAT 10.00 JUMALANPALVELUS 11.30 ALKUMUSIIKKI ANSUN POJAT TERVEHDYSSANAT SEURAN PJ. SAKARI L\u00c4TTI MUSIIKKIA: ANSUN POJAT JUHLAPUHE PER\u00c4M.KALAT.ALUEEN EDUSTAJA TERVEHDYKSET KARITUMMUN VALINTA MUSIIKKIA ANSUN POJAT OHTAKARIN KALASTUSM.YHD. ARVONTA 14.00 SOUTUKILPAILU NAISET\/MIEHET\/IK\u00c4MIEHET PALKINTOJEN JAKO OHJELMAN JUONTAA JUHA ORJALA KILPAILUKUULUTUS MARKUS ANTTILA TAUSTAMUSIIKKI ANSUN POJAT YLEIS\u00d6KILPAILUT &hellip; <\/p>\n<p class=\"link-more\"><a href=\"https:\/\/www.lohtajanks.fi\/?page_id=49\" class=\"more-link\">Jatka lukemista<span class=\"screen-reader-text\"> &#8220;Kalajuhlat&#8221;<\/span><\/a><\/p>\n","protected":false},"author":1,"featured_media":0,"parent":0,"menu_order":0,"comment_status":"closed","ping_status":"closed","template":"","meta":{"footnotes":""},"_links":{"self":[{"href":"https:\/\/www.lohtajanks.fi\/index.php?rest_route=\/wp\/v2\/pages\/49"}],"collection":[{"href":"https:\/\/www.lohtajanks.fi\/index.php?rest_route=\/wp\/v2\/pages"}],"about":[{"href":"https:\/\/www.lohtajanks.fi\/index.php?rest_route=\/wp\/v2\/types\/page"}],"author":[{"embeddable":true,"href":"https:\/\/www.lohtajanks.fi\/index.php?rest_route=\/wp\/v2\/users\/1"}],"replies":[{"embeddable":true,"href":"https:\/\/www.lohtajanks.fi\/index.php?rest_route=%2Fwp%2Fv2%2Fcomments&post=49"}],"version-history":[{"count":50,"href":"https:\/\/www.lohtajanks.fi\/index.php?rest_route=\/wp\/v2\/pages\/49\/revisions"}],"predecessor-version":[{"id":1376,"href":"https:\/\/www.lohtajanks.fi\/index.php?rest_route=\/wp\/v2\/pages\/49\/revisions\/1376"}],"wp:attachment":[{"href":"https:\/\/www.lohtajanks.fi\/index.php?rest_route=%2Fwp%2Fv2%2Fmedia&parent=49"}],"curies":[{"name":"wp","href":"https:\/\/api.w.org\/{rel}","templated":true}]}}