{"id":52,"date":"2020-02-08T14:36:53","date_gmt":"2020-02-08T14:36:53","guid":{"rendered":"http:\/\/www.ohtakari.com\/kalastajainseura\/?page_id=52"},"modified":"2025-12-21T12:12:21","modified_gmt":"2025-12-21T10:12:21","slug":"tata-paivaa","status":"publish","type":"page","link":"https:\/\/www.lohtajanks.fi\/?page_id=52","title":{"rendered":"T\u00e4t\u00e4 p\u00e4iv\u00e4\u00e4"},"content":{"rendered":"\n<figure class=\"wp-block-image\"><img decoding=\"async\" loading=\"lazy\" width=\"600\" height=\"450\" src=\"https:\/\/www.lohtajanks.fi\/wp-content\/uploads\/2020\/02\/IMG_8997_1.jpg\" alt=\"\" class=\"wp-image-255\" srcset=\"https:\/\/www.lohtajanks.fi\/wp-content\/uploads\/2020\/02\/IMG_8997_1.jpg 600w, https:\/\/www.lohtajanks.fi\/wp-content\/uploads\/2020\/02\/IMG_8997_1-250x188.jpg 250w, https:\/\/www.lohtajanks.fi\/wp-content\/uploads\/2020\/02\/IMG_8997_1-350x263.jpg 350w, https:\/\/www.lohtajanks.fi\/wp-content\/uploads\/2020\/02\/IMG_8997_1-300x225.jpg 300w\" sizes=\"(max-width: 600px) 100vw, 600px\" \/><\/figure>\n\n\n\n<p>Seuran \u201dP\u00e4\u00e4majana\u201d voidaan pit\u00e4\u00e4 Ohtakarin kalasatamaa ja hallia jonka Seura vuokrasi Kokkolan kaupungilta 1.8.2023 alkaen toistaiseksi. Yleisimm\u00e4t saaliskalat ovat per\u00e4meren karisiika eli pikkusiika, isosiika, taimen, lohi, silakka, ahven ja hauki. Lis\u00e4ksi saadaan mateita. Ohtakarin vesilt\u00e4 on saatu my\u00f6s pyydetty\u00e4 27,4 kg painava lohi, 9.6.2001 velj. Kuoppala. Se on yh\u00e4 painavin Suomesta pyydystetty kala virallisessa vuosisadan enn\u00e4tyskalarekisteriss\u00e4. <\/p>\n\n\n\n<p>Seudun vedet soveltuvat erinomaisen hyvin my\u00f6s vapakalastukseen. Jokisuulta ja Alaviirteelt\u00e4 k\u00e4y kalassa l\u00e4hinn\u00e4 kotitarvepyyt\u00e4ji\u00e4. Seura toimii virke\u00e4sti, vuosittain j\u00e4rjestet\u00e4\u00e4n maankuulut kalajuhlat. Kalanistutukset, museon ja pookin yll\u00e4pito kuuluvat muun muassa seuran toimintaan. Vuosittain tehd\u00e4\u00e4n my\u00f6s porukalla talkoita, virkistys- ja tutumisk\u00e4yntej\u00e4.<\/p>\n\n\n\n<p><strong>Lukuja ja tietoja (2024)<\/strong><\/p>\n\n\n\n<p>maksavia j\u00e4seni\u00e4 55 + yli 70v vapaaj\u00e4senet<\/p>\n\n\n\n<p>sivuelinkeinokalastajia 6<\/p>\n\n\n\n<p>kotitarvekalastajia 55<\/p>\n\n\n\n<p>isompia talkoita oli viidet joissa v\u00e4ke\u00e4 n. 139<\/p>\n\n\n\n<p>rysi\u00e4 oli pyynniss\u00e4 4 kpl<\/p>\n\n\n\n<p><strong>Kalanistutukset\u00a02024<\/strong><\/p>\n\n\n\n<p>Kertomusvuonna ei Seura saanut istutuskaloja ollenkaan.<br><br><\/p>\n\n\n\n<p>.<\/p>\n","protected":false},"excerpt":{"rendered":"<p>Seuran \u201dP\u00e4\u00e4majana\u201d voidaan pit\u00e4\u00e4 Ohtakarin kalasatamaa ja hallia jonka Seura vuokrasi Kokkolan kaupungilta 1.8.2023 alkaen toistaiseksi. Yleisimm\u00e4t saaliskalat ovat per\u00e4meren karisiika eli pikkusiika, isosiika, taimen, lohi, silakka, ahven ja hauki. Lis\u00e4ksi saadaan mateita. Ohtakarin vesilt\u00e4 on saatu my\u00f6s pyydetty\u00e4 27,4 kg painava lohi, 9.6.2001 velj. Kuoppala. Se on yh\u00e4 painavin Suomesta pyydystetty kala virallisessa vuosisadan &hellip; <\/p>\n<p class=\"link-more\"><a href=\"https:\/\/www.lohtajanks.fi\/?page_id=52\" class=\"more-link\">Jatka lukemista<span class=\"screen-reader-text\"> &#8220;T\u00e4t\u00e4 p\u00e4iv\u00e4\u00e4&#8221;<\/span><\/a><\/p>\n","protected":false},"author":1,"featured_media":0,"parent":0,"menu_order":0,"comment_status":"closed","ping_status":"closed","template":"","meta":{"footnotes":""},"_links":{"self":[{"href":"https:\/\/www.lohtajanks.fi\/index.php?rest_route=\/wp\/v2\/pages\/52"}],"collection":[{"href":"https:\/\/www.lohtajanks.fi\/index.php?rest_route=\/wp\/v2\/pages"}],"about":[{"href":"https:\/\/www.lohtajanks.fi\/index.php?rest_route=\/wp\/v2\/types\/page"}],"author":[{"embeddable":true,"href":"https:\/\/www.lohtajanks.fi\/index.php?rest_route=\/wp\/v2\/users\/1"}],"replies":[{"embeddable":true,"href":"https:\/\/www.lohtajanks.fi\/index.php?rest_route=%2Fwp%2Fv2%2Fcomments&post=52"}],"version-history":[{"count":25,"href":"https:\/\/www.lohtajanks.fi\/index.php?rest_route=\/wp\/v2\/pages\/52\/revisions"}],"predecessor-version":[{"id":1396,"href":"https:\/\/www.lohtajanks.fi\/index.php?rest_route=\/wp\/v2\/pages\/52\/revisions\/1396"}],"wp:attachment":[{"href":"https:\/\/www.lohtajanks.fi\/index.php?rest_route=%2Fwp%2Fv2%2Fmedia&parent=52"}],"curies":[{"name":"wp","href":"https:\/\/api.w.org\/{rel}","templated":true}]}}