{"id":56,"date":"2020-02-08T14:38:00","date_gmt":"2020-02-08T14:38:00","guid":{"rendered":"http:\/\/www.ohtakari.com\/kalastajainseura\/?page_id=56"},"modified":"2025-12-27T10:45:24","modified_gmt":"2025-12-27T08:45:24","slug":"jasenmaksut","status":"publish","type":"page","link":"https:\/\/www.lohtajanks.fi\/?page_id=56","title":{"rendered":"J\u00e4senmaksut"},"content":{"rendered":"\n<p> <br>Yleisess\u00e4 kokouksessa 23.4.2025  p\u00e4\u00e4tettiin, ett\u00e4  j\u00e4senmaksu  1.1.2026-31.12.2026 on varsinainen j\u00e4sen 15 euroa ja perheenj\u00e4sen 5 euroa.<\/p>\n\n\n\n<p>J\u00e4senmaksulomakkeen 1.1.-31.12.2026 voi ladata\u00a0<a href=\"https:\/\/www.lohtajanks.fi\/wp-content\/uploads\/2025\/12\/jasentiedote-2026.pdf\">t\u00e4st\u00e4<\/a>.<\/p>\n\n\n\n<p><\/p>\n\n\n\n<p> 1.1.2026 j\u00e4lkeen maksetut j\u00e4senmaksut kirjataan j\u00e4senmaksuvuoden 2026 maksuksi, ellei maksaja erikseen mainitse huomautussarakkeessa, ett\u00e4 maksu tulee edelliselle kaudelle. <\/p>\n\n\n\n<p> Kalastajainseuran AINOA PANKKITILI on: FI64 5237 0020 0047 70.  K\u00e4yt\u00e4 t\u00e4t\u00e4 tili\u00e4 aina asioidessasi maksuasioissa Seuran kanssa.  Entist\u00e4 t\u00e4rke\u00e4mp\u00e4\u00e4 on nyt muistaa laittaa viestisarakkeeseen MAKSUN AIHE !                                                        <\/p>\n","protected":false},"excerpt":{"rendered":"<p>Yleisess\u00e4 kokouksessa 23.4.2025 p\u00e4\u00e4tettiin, ett\u00e4 j\u00e4senmaksu 1.1.2026-31.12.2026 on varsinainen j\u00e4sen 15 euroa ja perheenj\u00e4sen 5 euroa. J\u00e4senmaksulomakkeen 1.1.-31.12.2026 voi ladata\u00a0t\u00e4st\u00e4. 1.1.2026 j\u00e4lkeen maksetut j\u00e4senmaksut kirjataan j\u00e4senmaksuvuoden 2026 maksuksi, ellei maksaja erikseen mainitse huomautussarakkeessa, ett\u00e4 maksu tulee edelliselle kaudelle. Kalastajainseuran AINOA PANKKITILI on: FI64 5237 0020 0047 70. K\u00e4yt\u00e4 t\u00e4t\u00e4 tili\u00e4 aina asioidessasi maksuasioissa Seuran kanssa. &hellip; <\/p>\n<p class=\"link-more\"><a href=\"https:\/\/www.lohtajanks.fi\/?page_id=56\" class=\"more-link\">Jatka lukemista<span class=\"screen-reader-text\"> &#8220;J\u00e4senmaksut&#8221;<\/span><\/a><\/p>\n","protected":false},"author":1,"featured_media":0,"parent":0,"menu_order":0,"comment_status":"closed","ping_status":"closed","template":"","meta":{"footnotes":""},"_links":{"self":[{"href":"https:\/\/www.lohtajanks.fi\/index.php?rest_route=\/wp\/v2\/pages\/56"}],"collection":[{"href":"https:\/\/www.lohtajanks.fi\/index.php?rest_route=\/wp\/v2\/pages"}],"about":[{"href":"https:\/\/www.lohtajanks.fi\/index.php?rest_route=\/wp\/v2\/types\/page"}],"author":[{"embeddable":true,"href":"https:\/\/www.lohtajanks.fi\/index.php?rest_route=\/wp\/v2\/users\/1"}],"replies":[{"embeddable":true,"href":"https:\/\/www.lohtajanks.fi\/index.php?rest_route=%2Fwp%2Fv2%2Fcomments&post=56"}],"version-history":[{"count":32,"href":"https:\/\/www.lohtajanks.fi\/index.php?rest_route=\/wp\/v2\/pages\/56\/revisions"}],"predecessor-version":[{"id":1403,"href":"https:\/\/www.lohtajanks.fi\/index.php?rest_route=\/wp\/v2\/pages\/56\/revisions\/1403"}],"wp:attachment":[{"href":"https:\/\/www.lohtajanks.fi\/index.php?rest_route=%2Fwp%2Fv2%2Fmedia&parent=56"}],"curies":[{"name":"wp","href":"https:\/\/api.w.org\/{rel}","templated":true}]}}