{"id":1000,"date":"2023-09-27T09:30:27","date_gmt":"2023-09-27T06:30:27","guid":{"rendered":"http:\/\/www.lohtajanks.fi\/?post_type=product&#038;p=1000"},"modified":"2024-01-09T14:54:07","modified_gmt":"2024-01-09T12:54:07","slug":"verkkokalastuslupa-1-vuosi","status":"publish","type":"product","link":"https:\/\/www.lohtajanks.fi\/?product=verkkokalastuslupa-1-vuosi","title":{"rendered":"Verkkokalastuslupa kalenterivuosi"},"content":{"rendered":"<p>Verkkokalastuslupa yhdeksi vuodeksi Lohtajan Kalastajainseuran alueelle nelj\u00e4lle verkolle (240m). Lupa on voimassa ostop\u00e4iv\u00e4n kalenterivuonna.<\/p>\n","protected":false},"excerpt":{"rendered":"<p>Verkkokalastuslupa 1v. Lupa on voimassa ostop\u00e4iv\u00e4n kalenterivuonna.<\/p>\n","protected":false},"featured_media":1026,"template":"","meta":[],"product_cat":[20],"product_tag":[],"_links":{"self":[{"href":"https:\/\/www.lohtajanks.fi\/index.php?rest_route=\/wp\/v2\/product\/1000"}],"collection":[{"href":"https:\/\/www.lohtajanks.fi\/index.php?rest_route=\/wp\/v2\/product"}],"about":[{"href":"https:\/\/www.lohtajanks.fi\/index.php?rest_route=\/wp\/v2\/types\/product"}],"wp:featuredmedia":[{"embeddable":true,"href":"https:\/\/www.lohtajanks.fi\/index.php?rest_route=\/wp\/v2\/media\/1026"}],"wp:attachment":[{"href":"https:\/\/www.lohtajanks.fi\/index.php?rest_route=%2Fwp%2Fv2%2Fmedia&parent=1000"}],"wp:term":[{"taxonomy":"product_cat","embeddable":true,"href":"https:\/\/www.lohtajanks.fi\/index.php?rest_route=%2Fwp%2Fv2%2Fproduct_cat&post=1000"},{"taxonomy":"product_tag","embeddable":true,"href":"https:\/\/www.lohtajanks.fi\/index.php?rest_route=%2Fwp%2Fv2%2Fproduct_tag&post=1000"}],"curies":[{"name":"wp","href":"https:\/\/api.w.org\/{rel}","templated":true}]}}